{"id":8,"date":"2025-10-01T20:48:43","date_gmt":"2025-10-01T17:48:43","guid":{"rendered":"https:\/\/platindenim.com\/?page_id=8"},"modified":"2025-10-01T21:06:09","modified_gmt":"2025-10-01T18:06:09","slug":"in-the-near-future","status":"publish","type":"page","link":"https:\/\/platindenim.com\/","title":{"rendered":"In the near future"},"content":{"rendered":"\t\t<div data-elementor-type=\"wp-page\" data-elementor-id=\"8\" class=\"elementor elementor-8\">\n\t\t\t\t<div class=\"wd-negative-gap elementor-element elementor-element-eddd8a6 wd-section-stretch-content e-flex e-con-boxed e-con e-parent\" data-id=\"eddd8a6\" data-element_type=\"container\">\n\t\t\t\t\t<div class=\"e-con-inner\">\n\t\t\t\t<div class=\"elementor-element elementor-element-4cd0be0 elementor-view-default elementor-widget elementor-widget-icon\" data-id=\"4cd0be0\" data-element_type=\"widget\" data-widget_type=\"icon.default\">\n\t\t\t\t\t\t\t<div class=\"elementor-icon-wrapper\">\n\t\t\t<div class=\"elementor-icon\">\n\t\t\t<svg xmlns=\"http:\/\/www.w3.org\/2000\/svg\" xmlns:i=\"http:\/\/ns.adobe.com\/AdobeIllustrator\/10.0\/\" id=\"Layer_1\" viewBox=\"0 0 100 157.181\"><path d=\"M0,0v125h100V0H0ZM89.286,114.286H10.714V10.714h78.571v103.571Z\" fill=\"#231f20\"><\/path><rect x=\"57.143\" y=\"82.143\" width=\"10.714\" height=\"10.714\" fill=\"#231f20\"><\/rect><polygon points=\"22.915 135.744 19.343 135.744 19.343 153.601 19.343 157.173 22.915 157.173 30.058 157.173 30.058 153.601 22.915 153.601 22.915 135.744\" fill=\"#231f20\"><\/polygon><rect x=\"76.158\" y=\"135.752\" width=\"3.571\" height=\"21.429\" fill=\"#231f20\"><\/rect><polygon points=\"96.429 149.39 90.177 135.752 86.606 135.752 86.606 157.181 90.177 157.181 90.177 143.543 96.429 157.181 100 157.181 100 135.752 96.429 135.752 96.429 149.39\" fill=\"#231f20\"><\/polygon><polygon points=\"60.832 135.752 55.954 135.752 55.954 139.324 60.832 139.324 60.832 157.181 64.404 157.181 64.404 139.324 69.282 139.324 69.282 135.752 64.404 135.752 60.832 135.752\" fill=\"#231f20\"><\/polygon><polygon points=\"42.322 135.744 36.796 157.173 40.367 157.173 44.107 142.669 47.847 157.173 51.419 157.173 45.893 135.744 42.322 135.744\" fill=\"#231f20\"><\/polygon><path d=\"M42.859,92.849v-17.849h3.571c11.835,0,21.429-9.594,21.429-21.429s-9.594-21.429-21.429-21.429h-3.58l-10.706.008.046,60.706,10.668-.008ZM42.859,42.857h3.571c5.917,0,10.714,4.797,10.714,10.714s-4.797,10.714-10.714,10.714h0s-3.571,0-3.571,0v-21.429Z\" fill=\"#231f20\"><\/path><path d=\"M5.04,135.752h-1.263l-3.569.003v21.418l3.571-.003v-6.297h1.26c4.175,0,7.56-3.385,7.56-7.56s-3.385-7.56-7.56-7.56ZM5.04,147.092h0s-1.26,0-1.26,0v-7.56h1.26c2.088,0,3.78,1.692,3.78,3.78s-1.692,3.78-3.78,3.78Z\" fill=\"#231f20\"><\/path><metadata><\/metadata><\/svg>\t\t\t<\/div>\n\t\t<\/div>\n\t\t\t\t\t\t<\/div>\n\t\t\t\t<div class=\"elementor-element elementor-element-79d730c elementor-widget elementor-widget-spacer\" data-id=\"79d730c\" data-element_type=\"widget\" data-widget_type=\"spacer.default\">\n\t\t\t\t\t\t\t<div class=\"elementor-spacer\">\n\t\t\t<div class=\"elementor-spacer-inner\"><\/div>\n\t\t<\/div>\n\t\t\t\t\t\t<\/div>\n\t\t\t\t<div class=\"elementor-element elementor-element-eca0314 elementor-widget elementor-widget-heading\" data-id=\"eca0314\" data-element_type=\"widget\" data-widget_type=\"heading.default\">\n\t\t\t\t\t<h2 class=\"elementor-heading-title elementor-size-default\">The st\u0131tches are<br>\nalmost done<\/h2>\t\t\t\t<\/div>\n\t\t\t\t<div class=\"elementor-element elementor-element-6c72d47 color-scheme-inherit text-left elementor-widget elementor-widget-text-editor\" data-id=\"6c72d47\" data-element_type=\"widget\" data-widget_type=\"text-editor.default\">\n\t\t\t\t\t\t\t\t\t<p>Your denim story is about to begin<\/p>\t\t\t\t\t\t\t\t<\/div>\n\t\t\t\t<div class=\"elementor-element elementor-element-75e00c9 elementor-widget-divider--view-line elementor-widget elementor-widget-divider\" data-id=\"75e00c9\" data-element_type=\"widget\" data-widget_type=\"divider.default\">\n\t\t\t\t\t\t\t<div class=\"elementor-divider\">\n\t\t\t<span class=\"elementor-divider-separator\">\n\t\t\t\t\t\t<\/span>\n\t\t<\/div>\n\t\t\t\t\t\t<\/div>\n\t\t\t\t<div class=\"elementor-element elementor-element-797ac7c color-scheme-inherit text-left elementor-widget elementor-widget-text-editor\" data-id=\"797ac7c\" data-element_type=\"widget\" data-widget_type=\"text-editor.default\">\n\t\t\t\t\t\t\t\t\t<p>\u00c7oban\u00e7e\u015fme, Selvi Sk. No:3, 34196 Bah\u00e7elievler\/\u0130stanbul<br \/><a href=\"https:\/\/www.google.com\/search?q=platin+fashion+design&amp;sca_esv=69badf5206a10cf0&amp;ei=_2ndaJThL6K4i-gP5ezp8QQ&amp;gs_ssp=eJzj4tVP1zc0TKnISbLMya4wYLRSNagwNElOTDSxMDZJNU80ME9OsjKosEg1tjCzMEw2STK3sDA3TfUSLchJLMnMU0hLLM7IzM9TSEktzkzPAwBtOBey&amp;oq=platinfashionde&amp;gs_lp=Egxnd3Mtd2l6LXNlcnAiD3BsYXRpbmZhc2hpb25kZSoCCAAyDRAuGIAEGMcBGA0YrwEyBxAAGIAEGA0yBhAAGA0YHjIGEAAYDRgeMgYQABgNGB4yBhAAGA0YHjIIEAAYogQYiQUyBRAAGO8FMhwQLhiABBjHARgNGK8BGJcFGNwEGN4EGOAE2AEBSLgHUCJY5AFwAXgAkAEAmAFnoAHAAaoBAzEuMbgBAcgBAPgBAZgCBKACiAfCAhAQLhiABBiwAxjHARgNGK8BwgIKEAAYgAQYsAMYDcICCRAAGLADGA0YHsICCxAAGLADGKIEGIkFwgIIEAAYsAMY7wWYAwDiAwUSATEgQIgGAZAGCLoGBggBEAEYFJIHBzIuMS41LTGgB8ERsgcDMS4xuAfHAcIHAzAuNMgHCA&amp;sclient=gws-wiz-serp#\" data-dtype=\"d3ph\" data-local-attribute=\"d3ph\" data-ved=\"2ahUKEwiTqfmXyIOQAxUhxQIHHVR4OwwQkAgoAHoECCYQAg\"><span aria-label=\"(0212) 556 81 12 Numaral\u0131 Telefonu Ara\">+90 212 556 8112<\/span><\/a><\/p>\t\t\t\t\t\t\t\t<\/div>\n\t\t\t\t\t<\/div>\n\t\t\t\t<\/div>\n\t\t\t\t<\/div>\n\t\t","protected":false},"excerpt":{"rendered":"<p>The st\u0131tches are almost done Your denim story is about to begin \u00c7oban\u00e7e\u015fme, Selvi Sk. No:3, 34196 Bah\u00e7elievler\/\u0130stanbul+90 212 556<\/p>\n","protected":false},"author":1,"featured_media":0,"parent":0,"menu_order":0,"comment_status":"closed","ping_status":"closed","template":"maintenance.php","meta":{"footnotes":""},"class_list":["post-8","page","type-page","status-publish","hentry"],"_links":{"self":[{"href":"https:\/\/platindenim.com\/index.php\/wp-json\/wp\/v2\/pages\/8","targetHints":{"allow":["GET"]}}],"collection":[{"href":"https:\/\/platindenim.com\/index.php\/wp-json\/wp\/v2\/pages"}],"about":[{"href":"https:\/\/platindenim.com\/index.php\/wp-json\/wp\/v2\/types\/page"}],"author":[{"embeddable":true,"href":"https:\/\/platindenim.com\/index.php\/wp-json\/wp\/v2\/users\/1"}],"replies":[{"embeddable":true,"href":"https:\/\/platindenim.com\/index.php\/wp-json\/wp\/v2\/comments?post=8"}],"version-history":[{"count":16,"href":"https:\/\/platindenim.com\/index.php\/wp-json\/wp\/v2\/pages\/8\/revisions"}],"predecessor-version":[{"id":28,"href":"https:\/\/platindenim.com\/index.php\/wp-json\/wp\/v2\/pages\/8\/revisions\/28"}],"wp:attachment":[{"href":"https:\/\/platindenim.com\/index.php\/wp-json\/wp\/v2\/media?parent=8"}],"curies":[{"name":"wp","href":"https:\/\/api.w.org\/{rel}","templated":true}]}}